{"id":4364,"date":"2021-11-29T11:10:09","date_gmt":"2021-11-29T11:10:09","guid":{"rendered":"https:\/\/www.orthotunisia.com\/?page_id=4364"},"modified":"2022-01-25T08:23:26","modified_gmt":"2022-01-25T08:23:26","slug":"politique-qualite","status":"publish","type":"page","link":"https:\/\/www.orthotunisia.com\/fr1\/politique-qualite\/","title":{"rendered":"<p>Politique qualit&eacute;<\/p>"},"content":{"rendered":"<div data-elementor-type=\"wp-page\" data-elementor-id=\"4364\" class=\"elementor elementor-4364\" data-elementor-settings=\"[]\">\n\t\t\t\t\t\t<div class=\"elementor-inner\">\n\t\t\t\t\t\t\t<div class=\"elementor-section-wrap\">\n\t\t\t\t\t\t\t<section class=\"elementor-section elementor-top-section elementor-element elementor-element-312d63f0 elementor-section-full_width elementor-section-height-default elementor-section-height-default\" data-id=\"312d63f0\" data-element_type=\"section\" data-settings='{\"background_background\":\"classic\"}'>\n\t\t\t\t\t\t<div class=\"elementor-container elementor-column-gap-no\">\n\t\t\t\t\t\t\t<div class=\"elementor-row\">\n\t\t\t\t\t<div class=\"elementor-column elementor-col-100 elementor-top-column elementor-element elementor-element-4b4a803a\" data-id=\"4b4a803a\" data-element_type=\"column\" data-settings='{\"background_background\":\"classic\"}'>\n\t\t\t<div class=\"elementor-column-wrap elementor-element-populated\">\n\t\t\t\t\t\t\t<div class=\"elementor-widget-wrap\">\n\t\t\t\t\t\t<div class=\"elementor-element elementor-element-13a4312f elementor-invisible elementor-widget elementor-widget-heading\" data-id=\"13a4312f\" data-element_type=\"widget\" data-settings='{\"_animation\":\"zoomIn\"}' data-widget_type=\"heading.default\">\n\t\t\t\t<div class=\"elementor-widget-container\">\n\t\t\t<div class=\"title-h2 elementor-heading-title elementor-size-default\">POLITIQUE <span style=\"color:white;\">QUALITE<\/span><\/div>\t\t<\/div>\n\t\t\t\t<\/div>\n\t\t\t\t\t\t<\/div>\n\t\t\t\t\t<\/div>\n\t\t<\/div>\n\t\t\t\t\t\t\t\t<\/div>\n\t\t\t\t\t<\/div>\n\t\t<\/section>\n\t\t\t\t<section class=\"elementor-section elementor-top-section elementor-element elementor-element-fd08584 elementor-section-boxed elementor-section-height-default elementor-section-height-default\" data-id=\"fd08584\" data-element_type=\"section\" data-settings='{\"background_background\":\"classic\"}'>\n\t\t\t\t\t\t<div class=\"elementor-container elementor-column-gap-thegem\">\n\t\t\t\t\t\t\t<div class=\"elementor-row\">\n\t\t\t\t\t<div class=\"elementor-column elementor-col-100 elementor-top-column elementor-element elementor-element-fb391c2\" data-id=\"fb391c2\" data-element_type=\"column\">\n\t\t\t<div class=\"elementor-column-wrap elementor-element-populated\">\n\t\t\t\t\t\t\t<div class=\"elementor-widget-wrap\">\n\t\t\t\t\t\t<div class=\"elementor-element elementor-element-5abfea5 elementor-widget elementor-widget-toggle\" data-id=\"5abfea5\" data-element_type=\"widget\" data-widget_type=\"toggle.default\">\n\t\t\t\t<div class=\"elementor-widget-container\">\n\t\t\t\t\t<div class=\"elementor-toggle\" role=\"tablist\">\n\t\t\t\t\t\t\t<div class=\"elementor-toggle-item\">\n\t\t\t\t\t<h3 id=\"elementor-tab-title-9511\" class=\"elementor-tab-title\" data-tab=\"1\" role=\"tab\" aria-controls=\"elementor-tab-content-9511\" aria-expanded=\"false\">\n\t\t\t\t\t\t\t\t\t\t\t\t<span class=\"elementor-toggle-icon elementor-toggle-icon-left\" aria-hidden=\"true\">\n\t\t\t\t\t\t\t\t\t\t\t\t\t\t\t<span class=\"elementor-toggle-icon-closed\"><i class=\"fas fa-caret-right\"><\/i><\/span>\n\t\t\t\t\t\t\t\t<span class=\"elementor-toggle-icon-opened\"><i class=\"elementor-toggle-icon-opened fas fa-caret-up\"><\/i><\/span>\n\t\t\t\t\t\t\t\t\t\t\t\t\t<\/span>\n\t\t\t\t\t\t\t\t\t\t\t\t<a href=\"\" class=\"elementor-toggle-title\">MISSION<\/a>\n\t\t\t\t\t<\/h3>\n\n\t\t\t\t\t<div id=\"elementor-tab-content-9511\" class=\"elementor-tab-content elementor-clearfix\" data-tab=\"1\" role=\"tabpanel\" aria-labelledby=\"elementor-tab-title-9511\"><p class=\" translation-block\">ORHTOTUNISIA offre une panoplie de produits et de services exclusifs : nous livrons \u00e0 nos clients des produits<br>Orthop\u00e9diques  \n - Dispositifs M\u00e9dicaux de Classe I avec une haute assurance qualit\u00e9, selon les exigences<br>normatives et les sp\u00e9cifications techniques, avec des d\u00e9lais de re-appro tr\u00e8s courts.<\/p><\/div>\n\t\t\t\t<\/div>\n\t\t\t\t\t\t\t<div class=\"elementor-toggle-item\">\n\t\t\t\t\t<h3 id=\"elementor-tab-title-9512\" class=\"elementor-tab-title\" data-tab=\"2\" role=\"tab\" aria-controls=\"elementor-tab-content-9512\" aria-expanded=\"false\">\n\t\t\t\t\t\t\t\t\t\t\t\t<span class=\"elementor-toggle-icon elementor-toggle-icon-left\" aria-hidden=\"true\">\n\t\t\t\t\t\t\t\t\t\t\t\t\t\t\t<span class=\"elementor-toggle-icon-closed\"><i class=\"fas fa-caret-right\"><\/i><\/span>\n\t\t\t\t\t\t\t\t<span class=\"elementor-toggle-icon-opened\"><i class=\"elementor-toggle-icon-opened fas fa-caret-up\"><\/i><\/span>\n\t\t\t\t\t\t\t\t\t\t\t\t\t<\/span>\n\t\t\t\t\t\t\t\t\t\t\t\t<a href=\"\" class=\"elementor-toggle-title\">AXES STRATEGIQUES et TACTIQUES<\/a>\n\t\t\t\t\t<\/h3>\n\n\t\t\t\t\t<div id=\"elementor-tab-content-9512\" class=\"elementor-tab-content elementor-clearfix\" data-tab=\"2\" role=\"tabpanel\" aria-labelledby=\"elementor-tab-title-9512\"><p class=\" translation-block\">L'Objectif de ORTHOTUNISIA est d'\u00eatre le Leader Tunisien, Africain et M\u00e9diterran\u00e9en dans nos segments de march\u00e9s.<br>Satisfaire nos clients, partenaires, et employ\u00e9s sont essentiels dans l'atteinte des objectifs strat\u00e9giques suivants :<\/p><p style=\"padding-left: 20px;\">&ndash; Investir sur des processus de fabrication Textile &agrave; haute valeur ajout&eacute;e.<br>&ndash; Livrer des Services d?industrialisation et de production Ultra-Rapides et comp&eacute;titifs.<br>&ndash; Consolider notre position comme Leader national de la production Orthop&eacute;dique.<br>\u2013 Promouvoir l'encadrement du personnel et optimiser le supply chain.<\/p><p>Afin d?atteindre cela, nous \u0153uvrons fortement \u00e0 :<\/p><p style=\"padding-left: 20px;\">1. Int\u00e9grer et qualifier des nouveaux proc\u00e8s : la confection des articles de Compression m\u00e9dicale suivant la norme ASQUAL, le montage par Haute-Fr\u00e9quence et la maximisation de l'utilisation des Automates, ainsi que la d\u00e9coupe par le proc\u00e8s du laser et CNC, fabrication des masques m\u00e9dicaux.<br>2. Rentabiliser nos investissements en augmentant le taux d'occupation machines, \u00e0 travers la recherche de nouveaux clients, et l'optimisation des temps de cycles.<br>3. R\u00e9duire les co\u00fbts d'achats de mati\u00e8res premi\u00e8res.<br>4. Garantir une bonne gestion des ressources humaines : Renforcer la communication interne, suivre l'int\u00e9gration et la formation, et am\u00e9liorer les comp\u00e9tences et les conditions de travail.<br>5. R\u00e9duire les ruptures d'approvisionnement, maitriser le taux d'affectation du stock et assurer la surveillance et le suivi des fournisseurs.<br>6. Assurer le respect de l'environnement du travail: Surveiller la pr\u00e9servation des produits et le respect des consignes.<\/p><\/div>\n\t\t\t\t<\/div>\n\t\t\t\t\t\t\t<div class=\"elementor-toggle-item\">\n\t\t\t\t\t<h3 id=\"elementor-tab-title-9513\" class=\"elementor-tab-title\" data-tab=\"3\" role=\"tab\" aria-controls=\"elementor-tab-content-9513\" aria-expanded=\"false\">\n\t\t\t\t\t\t\t\t\t\t\t\t<span class=\"elementor-toggle-icon elementor-toggle-icon-left\" aria-hidden=\"true\">\n\t\t\t\t\t\t\t\t\t\t\t\t\t\t\t<span class=\"elementor-toggle-icon-closed\"><i class=\"fas fa-caret-right\"><\/i><\/span>\n\t\t\t\t\t\t\t\t<span class=\"elementor-toggle-icon-opened\"><i class=\"elementor-toggle-icon-opened fas fa-caret-up\"><\/i><\/span>\n\t\t\t\t\t\t\t\t\t\t\t\t\t<\/span>\n\t\t\t\t\t\t\t\t\t\t\t\t<a href=\"\" class=\"elementor-toggle-title\">APPROCHE MANAGEMENT QUALITE<\/a>\n\t\t\t\t\t<\/h3>\n\n\t\t\t\t\t<div id=\"elementor-tab-content-9513\" class=\"elementor-tab-content elementor-clearfix\" data-tab=\"3\" role=\"tabpanel\" aria-labelledby=\"elementor-tab-title-9513\"><p>Nous \u00e9tablissons et maintenons un syst\u00e8me de gestion d\u2019entreprise efficace ; con\u00e7u pour garantir que toutes les exigences de qualit\u00e9, d\u2019entreprise et de r\u00e9glementation sont respect\u00e9es. Le Syst\u00e8me est r\u00e9guli\u00e8rement examin\u00e9 en termes d\u2019efficacit\u00e9 et de pertinence continue.<br>Certifi&eacute; ISO13485 :2016, ASQUAL pour les articles de contention et OEKO-TEX 100 pour les diff&eacute;rents articles.<br>ORTHOTUNISIA s'engage \u00e0 int\u00e9grer un syst\u00e8me de management de la sant\u00e9 et s\u00e9curit\u00e9 au travail selon les exigences de la norme ISO45001:2018 en fin 2022.<\/p><\/div>\n\t\t\t\t<\/div>\n\t\t\t\t\t\t\t<div class=\"elementor-toggle-item\">\n\t\t\t\t\t<h3 id=\"elementor-tab-title-9514\" class=\"elementor-tab-title\" data-tab=\"4\" role=\"tab\" aria-controls=\"elementor-tab-content-9514\" aria-expanded=\"false\">\n\t\t\t\t\t\t\t\t\t\t\t\t<span class=\"elementor-toggle-icon elementor-toggle-icon-left\" aria-hidden=\"true\">\n\t\t\t\t\t\t\t\t\t\t\t\t\t\t\t<span class=\"elementor-toggle-icon-closed\"><i class=\"fas fa-caret-right\"><\/i><\/span>\n\t\t\t\t\t\t\t\t<span class=\"elementor-toggle-icon-opened\"><i class=\"elementor-toggle-icon-opened fas fa-caret-up\"><\/i><\/span>\n\t\t\t\t\t\t\t\t\t\t\t\t\t<\/span>\n\t\t\t\t\t\t\t\t\t\t\t\t<a href=\"\" class=\"elementor-toggle-title\">ENGAGEMENT DE LA DIRECTION<\/a>\n\t\t\t\t\t<\/h3>\n\n\t\t\t\t\t<div id=\"elementor-tab-content-9514\" class=\"elementor-tab-content elementor-clearfix\" data-tab=\"4\" role=\"tabpanel\" aria-labelledby=\"elementor-tab-title-9514\"><p>Nous nous engageons \u00e0 mettre \u00e0 disposition de l'entreprise les moyens et les ressources n\u00e9cessaires \u00e0 la mise en \u0153uvre de notre politique, au d\u00e9ploiement des objectifs qualit\u00e9, \u00e0 la satisfaction des exigences clients, r\u00e9glementaires, l\u00e9gales et normatives mises en vigueurs. Nous d\u00e9signons un repr\u00e9sentant de la direction, en lui donnant les autorit\u00e9s n\u00e9cessaires pour la conception, le suivi, la mise \u00e0 jour et l'am\u00e9lioration du SMQ et nous rendre compte de son efficacit\u00e9.<\/p><\/div>\n\t\t\t\t<\/div>\n\t\t\t\t\t\t\t\t<\/div>\n\t\t\t\t<\/div>\n\t\t\t\t<\/div>\n\t\t\t\t\t\t<\/div>\n\t\t\t\t\t<\/div>\n\t\t<\/div>\n\t\t\t\t\t\t\t\t<\/div>\n\t\t\t\t\t<\/div>\n\t\t<\/section>\n\t\t\t\t\t\t<\/div>\n\t\t\t\t\t\t<\/div>\n\t\t\t\t\t<\/div>","protected":false},"excerpt":{"rendered":"<p>POLITIQUE QUALITE MISSION ORHTOTUNISIA offre une panoplie de produits et de services exclusifs : nous livrons &agrave; nos clients des&hellip;<\/p>","protected":false},"author":1,"featured_media":0,"parent":0,"menu_order":0,"comment_status":"closed","ping_status":"closed","template":"page-fullwidth.php","meta":{"footnotes":""},"_links":{"self":[{"href":"https:\/\/www.orthotunisia.com\/fr1\/wp-json\/wp\/v2\/pages\/4364"}],"collection":[{"href":"https:\/\/www.orthotunisia.com\/fr1\/wp-json\/wp\/v2\/pages"}],"about":[{"href":"https:\/\/www.orthotunisia.com\/fr1\/wp-json\/wp\/v2\/types\/page"}],"author":[{"embeddable":true,"href":"https:\/\/www.orthotunisia.com\/fr1\/wp-json\/wp\/v2\/users\/1"}],"replies":[{"embeddable":true,"href":"https:\/\/www.orthotunisia.com\/fr1\/wp-json\/wp\/v2\/comments?post=4364"}],"version-history":[{"count":105,"href":"https:\/\/www.orthotunisia.com\/fr1\/wp-json\/wp\/v2\/pages\/4364\/revisions"}],"predecessor-version":[{"id":5927,"href":"https:\/\/www.orthotunisia.com\/fr1\/wp-json\/wp\/v2\/pages\/4364\/revisions\/5927"}],"wp:attachment":[{"href":"https:\/\/www.orthotunisia.com\/fr1\/wp-json\/wp\/v2\/media?parent=4364"}],"curies":[{"name":"wp","href":"https:\/\/api.w.org\/{rel}","templated":true}]}}